{"id":130,"date":"2017-11-10T02:48:47","date_gmt":"2017-11-10T00:48:47","guid":{"rendered":"http:\/\/ilco.ro\/apscr\/new\/?page_id=130"},"modified":"2018-05-31T01:33:45","modified_gmt":"2018-05-30T23:33:45","slug":"acte-certificat-handicap","status":"publish","type":"page","link":"https:\/\/ilco.ro\/apscr\/acte-certificat-handicap\/","title":{"rendered":"Obtinere certificat de handicap"},"content":{"rendered":"<p><span style=\"color: #339966; font-size: 14pt;\"><strong>Obtinerea certificatului de incadrare in gradul de handicap<\/strong><\/span><\/p>\n<p><strong>CE TREBUIE S\u0102 STIU!<\/strong><\/p>\n<p><img loading=\"lazy\" decoding=\"async\" class=\"alignleft size-full wp-image-304\" src=\"http:\/\/ilco.ro\/apscr\/new\/wp-content\/uploads\/2018\/05\/acte.jpg\" alt=\"\" width=\"303\" height=\"158\" srcset=\"https:\/\/ilco.ro\/apscr\/wp-content\/uploads\/2018\/05\/acte.jpg 303w, https:\/\/ilco.ro\/apscr\/wp-content\/uploads\/2018\/05\/acte-300x156.jpg 300w, https:\/\/ilco.ro\/apscr\/wp-content\/uploads\/2018\/05\/acte-144x75.jpg 144w\" sizes=\"auto, (max-width: 303px) 100vw, 303px\" \/>\u00a0\u00a0\u00cencadrarea \u00een grad \u015fi tip de handicap se realizeaz\u0103 \u00een condi\u0163iile prev\u0103zute de Legea nr. 448\/2006 privind protec\u0163ia \u015fi promovarea drepturilor persoanelor cu handicap, republicat\u0103.\u00a0\u00cencadrarea sau respingerea \u00eencadr\u0103rii \u00een grad \u015fi tip de handicap se atest\u0103 prin certificat emis de c\u0103tre Comisia de Evaluare a Persoanelor cu Handicap pentru Adul\u0163i.\u00a0\u00cencadrarea \u00een grad de handicap se realizeaz\u0103 doar dac\u0103 afec\u0163iunile diagnosticate sunt prev\u0103zute \u00een criteriile medico-psihosociale aprobate prin Ordinul nr. 762\/1992\/2007, actualizat \u015fi modificat.<\/p>\n<p>Tipurile de handicap sunt: fizic (cod 1), somatic (2), auditiv (3), vizual (4), mental (5), neuropsihic (6), asociat (7), HIV\/SIDA (8),\u00a0\u00a0boli rare (9),\u00a0\u00a0surdocecitate (10). Gradele de handicap sunt: u\u015for (IV), mediu (III), accentuat (II), grav (I) cu sau f\u0103r\u0103 asistent personal.<\/p>\n<p>Pentru emiterea certificatului de \u00eencadrare sau ne\u00eencadrare \u00een grad de handicap este obligatoriu s\u0103 se realizeze evaluarea complex\u0103 a persoanei solicitante.Evaluarea complex\u0103 (adic\u0103: evaluare social\u0103, medical\u0103, psihologic\u0103, educa\u0163ional\u0103, voca\u0163ional\u0103 \u015fi a nivelului de integrare social\u0103) reprezint\u0103 un proces prin care sunt estimate \u015fi recunoscute particularit\u0103\u0163ile de dezvoltare, integrare \u015fi incluziune social\u0103 a persoanei. Procesul presupune colectarea de informa\u0163ii c\u00e2t mai complete \u015fi interpretarea acestora \u00een scopul orient\u0103rii asupra deciziei \u015fi interven\u0163iei.\u00a0\u00cen baza Raportului de evaluare complex\u0103 \u00eentocmit de speciali\u015ftii Serviciul Evaluare Complex\u0103 pentru Adul\u0163i \u015fi a documentelor justificative aflate \u00een dosarul dumneavoastr\u0103, Comisia de Evaluare a Persoanelor cu Handicap pentru Adul\u0163i decide \u00eencadrarea sau respingerea \u00eencadr\u0103rii \u00een grad \u015fi tip de handicap.<\/p>\n<p><strong>CUM OB\u0162IN CERTIFICATUL?<\/strong><\/p>\n<ol>\n<li>COMPLETEAZ\u0102 Cererea tip de evaluare complex\u0103.<\/li>\n<li>ACTELE NECESARE PENTRU \u00ceNTOCMIREA DOSARULUI SUNT:<\/li>\n<\/ol>\n<ul>\n<li>Actul de identitate &#8211; \u00een original \u015fi copie (trebuie s\u0103 fie \u00een termen de valabilitate \u015fi s\u0103 aib\u0103 men\u0163ionat\u0103 adresa de domiciliu sau re\u015fedin\u0163\u0103).<\/li>\n<li>Documente medicale:<\/li>\n<\/ul>\n<ol>\n<li>a) scrisoare medical\u0103-tip \u0096 de la medicul de familie\u00a0&#8211; se \u00eentocme\u015fte potrivit modelului prev\u0103zut \u00een Anexa nr. 5 din H.G. nr. 430\/2008 \u015fi determin\u0103 locul \u00een care se va realiza evaluarea complex\u0103 (la domiciliul persoanei solicitante sau la sediul institu\u0163iei noastre). Este obligatorie pentru dosarele noi \u015fi pentru persoanele solicitante nedeplasabile;<\/li>\n<li>b) referat sau certificat medical cu starea prezent\u0103, de la medicul specialist, \u00een func\u0163ie de afec\u0163iuni, cu precizarea diagnosticului, st\u0103rii prezente, tratamentului, posibilitatea de recuperare. Documentele privind starea persoanei trebuie s\u0103 fie conforme (semnate \u015fi parafate vizibil, cu \u015ftampila unit\u0103\u0163ii emitente, \u00eenregistrate \u015fi datate) \u015fi s\u0103 con\u0163in\u0103 informa\u0163ii relevante pentru constatarea deficien\u0163ei func\u0163ionale, severit\u0103\u0163ii, tipului \u015fi duratei estimate a acesteia, a dependen\u0163ei, a limit\u0103rii de activitate \u015fi a restric\u0163iilor de participare.<\/li>\n<li>c) alte documente, \u00een func\u0163ie de afec\u0163iuni: bilete externare spital, computer tomograf, RMN, analize, teste \u015fi examene specifice afec\u0163iunilor.<\/li>\n<li>d) \u00een cazul persoanelor care solicit\u0103 reevaluarea periodic\u0103, vor fi prezentate documentele solicitate de Comisia de Evaluare, conform Programului Individual de Reabilitare \u015fi Integrare Social\u0103, anex\u0103 a certificatului.<\/li>\n<\/ol>\n<ul>\n<li>Documente privind situa\u0163ia veniturilor, \u00een func\u0163ie de situa\u0163ie:<\/li>\n<\/ul>\n<ol>\n<li>a) adeverin\u0163\u0103 de salariat de la angajator &#8211; pe anul \u00een curs, \u00een original \u0096 pentru persoanele salariate;<\/li>\n<li>b) adeverin\u0163\u0103 de la circa financiar\u0103 &#8211; pe anul \u00een curs, pentru cei care nu realizeaz\u0103 venituri sau\u00a0\u00a0realizeaz\u0103 venituri de alt\u0103 natur\u0103 fa\u0163\u0103 de cele salariale;<\/li>\n<li>c) adeverin\u0163\u0103\u00a0\u00a0&#8211; pentru persoanele care primesc beneficii sociale (ajutor social, \u015fomaj, aloca\u0163ie pentru sus\u0163inerea familiei, etc);<\/li>\n<li>d) decizie de pensie \u015fi talon de pensie recent &#8211; \u00een original \u015fi copie &#8211; pentru persoanele pensionate la limit\u0103 de v\u00e2rst\u0103 sau pensie urma\u015f;<\/li>\n<li>e) decizie asupra capacita\u0163ii de munc\u0103 \u015fi talon de pensie &#8211;\u00a0\u00a0\u00een original \u015fi copie &#8211; pentru persoanele beneficiare de pensie de invaliditate.<\/li>\n<\/ol>\n<ul>\n<li>Alte documente:<\/li>\n<\/ul>\n<ol>\n<li>a) dac\u0103 solicitantul se afl\u0103 \u00eentr-un centru se va prezenta o adeverin\u0163\u0103 \u00een acest sens.<\/li>\n<li>b) dac\u0103 persoana solicitant\u0103 are men\u0163ionat\u0103 pe actul de identitate \u015fi o alt\u0103 adres\u0103, este necesar\u0103 prezentarea unei adrese de nega\u0163ie din care s\u0103 reias\u0103 c\u0103 nu figureaz\u0103 cu drepturi acordate \u00een baza Legii nr. 448\/2006, \u00een eviden\u0163ele sectorului\/jude\u0163ului respectiv.<\/li>\n<li>c)\u00a0\u00a0dac\u0103 persoana solicitant\u0103 are un domiciliu in C.I., dar locuie\u015fte \u00een fapt la o adres\u0103 pe raza altui jude\u0163 sau sector este necesar\u0103 prezentarea anchetei sociale realizat\u0103 de autoritatea local\u0103 de care apar\u0163ine adresa respectiv\u0103.<\/li>\n<li>Dosarele se depun la registratura institu\u0163iei &#8211; Comisia de Evaluare a Persoanelor cu Handicap pentru Adul\u0163i corespunz\u0103toare sectorului sau jude\u0163ului \u00een care locui\u0163i<\/li>\n<\/ol>\n<p>Cererea poate fi depus\u0103 de solicitant, familia sa, reprezentantul legal, asistentul personal, organiza\u0163ia neguvernamental\u0103 al c\u0103rei membru este persoana cu handicap sau, \u00een lipsa acestora, de c\u0103tre orice persoan\u0103 care o reprezint\u0103.<\/p>\n<p><strong>DE RE\u0162INUT!<\/strong><\/p>\n<p>\u00cencadrarea \u00een grad de handicap difer\u0103 de \u00eencadrarea \u00een grad de invaliditate \u015fi se realizeaz\u0103 \u00een condi\u0163iile Legii nr. 448\/2006 \u015fi numai dac\u0103 afec\u0163iunile diagnosticate sunt prev\u0103zute \u00een criteriile medico-psihosociale aprobate prin Ordinul nr. 762\/1992\/2007.<\/p>\n<p>\u00cencadrarea \u00een gradul de invaliditate se realizeaz\u0103 de Comisia de Expertiz\u0103 a Capacit\u0103\u0163ii de Munc\u0103 din cadrul Casei de Pensii \u015fi se stabile\u015fte potrivit dispozi\u0163iilor Legii nr. 263\/2010.<\/p>\n<p>Institu\u0163ia noastr\u0103 are competen\u0163a de a solu\u0163iona cererile solicitan\u0163ilor cu domiciliul sau re\u015fedin\u0163a pe raza administrativ-teritorial\u0103. Dovada domiciliului sau re\u015fedin\u0163ei se face cu actul de identitate, \u00een original, valabil, prezentat \u00een original.<\/p>\n<p>\u00cen cazul persoanelor care solicit\u0103 reevaluarea, cererea se depune cu 60 de zile \u00eenainte de expirarea termenului de valabilitate al certificatului de \u00eencadrare \u00een grad de handicap.\u00a0\u00cen cazul \u00een care, din analiza dosarului se constat\u0103 c\u0103 nu exist\u0103 documentele necesare sau acestea nu sunt suficiente pentru realizarea evalu\u0103rii complexe, se vor solicita \u015fi alte documente, analize, teste sau examene specifice afec\u0163iunilor.\u00a0\u00cen cazul refuzului furniz\u0103rii datelor \u015fi informa\u0163iilor necesare, cererea nu poate fi solu\u0163ionat\u0103.<\/p>\n<p><img loading=\"lazy\" decoding=\"async\" class=\"aligncenter size-full wp-image-305\" src=\"http:\/\/ilco.ro\/apscr\/new\/wp-content\/uploads\/2018\/05\/handicap.jpg\" alt=\"\" width=\"342\" height=\"340\" srcset=\"https:\/\/ilco.ro\/apscr\/wp-content\/uploads\/2018\/05\/handicap.jpg 342w, https:\/\/ilco.ro\/apscr\/wp-content\/uploads\/2018\/05\/handicap-150x150.jpg 150w, https:\/\/ilco.ro\/apscr\/wp-content\/uploads\/2018\/05\/handicap-300x298.jpg 300w, https:\/\/ilco.ro\/apscr\/wp-content\/uploads\/2018\/05\/handicap-75x75.jpg 75w\" sizes=\"auto, (max-width: 342px) 100vw, 342px\" \/><\/p>\n","protected":false},"excerpt":{"rendered":"<p>Obtinerea certificatului de incadrare in gradul de handicap CE TREBUIE S\u0102 STIU! \u00a0\u00a0\u00cencadrarea \u00een grad \u015fi tip de handicap se realizeaz\u0103 \u00een condi\u0163iile prev\u0103zute de Legea nr. 448\/2006 privind protec\u0163ia \u015fi promovarea drepturilor persoanelor cu handicap, republicat\u0103.\u00a0\u00cencadrarea sau respingerea \u00eencadr\u0103rii \u00een grad \u015fi tip de handicap se atest\u0103 prin certificat emis de c\u0103tre Comisia de&#8230;<\/p>\n","protected":false},"author":1,"featured_media":0,"parent":0,"menu_order":49,"comment_status":"closed","ping_status":"closed","template":"","meta":{"footnotes":"","_links_to":"","_links_to_target":""},"class_list":["post-130","page","type-page","status-publish","hentry"],"_links":{"self":[{"href":"https:\/\/ilco.ro\/apscr\/wp-json\/wp\/v2\/pages\/130","targetHints":{"allow":["GET"]}}],"collection":[{"href":"https:\/\/ilco.ro\/apscr\/wp-json\/wp\/v2\/pages"}],"about":[{"href":"https:\/\/ilco.ro\/apscr\/wp-json\/wp\/v2\/types\/page"}],"author":[{"embeddable":true,"href":"https:\/\/ilco.ro\/apscr\/wp-json\/wp\/v2\/users\/1"}],"replies":[{"embeddable":true,"href":"https:\/\/ilco.ro\/apscr\/wp-json\/wp\/v2\/comments?post=130"}],"version-history":[{"count":6,"href":"https:\/\/ilco.ro\/apscr\/wp-json\/wp\/v2\/pages\/130\/revisions"}],"predecessor-version":[{"id":306,"href":"https:\/\/ilco.ro\/apscr\/wp-json\/wp\/v2\/pages\/130\/revisions\/306"}],"wp:attachment":[{"href":"https:\/\/ilco.ro\/apscr\/wp-json\/wp\/v2\/media?parent=130"}],"curies":[{"name":"wp","href":"https:\/\/api.w.org\/{rel}","templated":true}]}}