{"id":231,"date":"2018-03-01T22:54:34","date_gmt":"2018-03-01T20:54:34","guid":{"rendered":"http:\/\/ilco.ro\/apscr\/new\/?page_id=231"},"modified":"2018-03-01T22:55:11","modified_gmt":"2018-03-01T20:55:11","slug":"recomandari-psihologice","status":"publish","type":"page","link":"https:\/\/ilco.ro\/apscr\/recomandari-psihologice\/","title":{"rendered":"Recomandari psihologice"},"content":{"rendered":"<p><span style=\"color: #339966;\"><span style=\"font-size: 18.6667px;\"><b>Recomandari generale de ordin psihologic privind adaptarea persoanelor stomizate la noua stare<\/b><\/span><\/span><\/p>\n<p>Boala de care ati suferit v-a pus in fata unei decizii foarte dificile, pe care ati luat-o cu mare consum emotional. Ati trecut printr-o trauma care implica mult stress. Poate ca ati simtit neputinta, teama, o mare tristete, disperare sau furie, poate ca v-ati invinovatit pentru ceva despre care ati crezut ca v-a adus in aceasta situatie sau ati invinovatit pe altii&#8230;<\/p>\n<p>Cu siguranta ati trait mari framantari, iar ceea ce simtiti face parte din procesul normal de adaptare la ceea ce vi se intampla. Acest proces va mai dura o vreme, nu prea indelungata, daca va veti aduna puterile si veti privi inainte. Decizia pe care ati luat-o, de a accepta o operatie dificila pentru salvarea, prelungirea vietii, sau reluarea in limite apropiate de normal a unei functii fiziologice, demonstreaza forta si curajul dumneavoastra.<\/p>\n<p>Fara \u00eendoiala ca nu a fost usor. Interventia chirurgicala a dus la modificarea schemei corporale, a imaginii corpului dumneavoastra, care are si un impact psihologic puternic, pe care de-acum va trebui sa o acceptati si sa o asimilati asa \u00eencat sa nu constituie un impediment pentru continuarea vietii.<\/p>\n<p><strong><em>Cum am putea \u00eentelege ce se \u00eentampla cu psihicul nostru \u00een aceasta situatie?<\/em><\/strong><\/p>\n<p>Pentru a putea gasi solutiile necesare depasirii acestui moment dificil, este important sa stim c\u00e2teva lucruri despre:<\/p>\n<ul>\n<li>imaginea de sine,<\/li>\n<li>identitatea personala,<\/li>\n<li>fazele procesului de adaptare si mecanismele psihice care intra \u00een actiune,<\/li>\n<li>mobilizarea resurselor motivationale si volitionale, care ne ajuta sa depasim momentele de criza existentiala care apar \u00een viata,<\/li>\n<li>nevoia de afiliere, care este una dintre nevoile fundamentale ale omului.<\/li>\n<\/ul>\n<p><strong><em>Imaginea de sine<\/em><\/strong>\u00a0este o parte a Eului fiecaruia si reprezinta forma subiectiva prin care constientizam si ne reprezentam propria persoana. Ea este influentata si conditionata de o buna autocunoastere, de \u00eencrederea \u00een noi \u00eensine, precum si de ceea ce vad ceilalti \u00een noi, de realizarile, esecurile, asteptarile noastre.<\/p>\n<p>Pe parcursul vietii trecem in mod normal prin schimbari datorate dezvoltarii biologice, sociale sau culturale, inerente, pe care le acceptam si carora ne adaptam astfel \u00eenc\u00e2t ne pastram\u00a0<strong><em>identitatea personala<\/em><\/strong>.<\/p>\n<p>Alte schimbari sunt cauzate de evenimente neprevazute, cum ar fi boala sau accidentele care provoaca modificarea schemei corporale. Acestea antreneaza\u00a0<strong><em>alterarea imaginii de sine<\/em><\/strong>\u00a0si aparitia unor probleme de ordin psihologic, biologic, relational, care ne fac sa ne simtim debusolati. \u00cen aceste momente suntem nevoiti sa gasim\u00a0<strong><em>motivatii<\/em><\/strong>\u00a0bune pentru care sa ne putem aduna toate fortele\u00a0<strong><em>vointei<\/em><\/strong>, pe care sa le folosim pentru adaptarea la noua situatie.<\/p>\n<p><strong><em>Adaptarea<\/em><\/strong>\u00a0este definita ca un efort de cunoastere si comportamental, facut pentru a stapani, tolera sau reduce cerintele interne si externe si conflictele care apar. Ea se refera la comportamentul care protejeaza oamenii de experientele dificile prin care sunt nevoiti sa treaca in incercarea de a invinge dificultatile, prin folosirea resurselor interne si externe. Procesul de acomodare la pierderea suferita nu se petrece dintr-o data; specialistii au descris mai multe faze ale acceptarii (care se pot desfasura sau nu in aceasta ordine):<\/p>\n<ul>\n<li><strong><em>refuzul (negarea) si izolarea<\/em><\/strong>, este caracterizat de socul resimtit la aflarea diagnosticului, soc concretizat prin reactii de respingere a adevarului:\u00a0<em>Nu poate fi adevarat!<\/em><\/li>\n<li><strong><em>furia<\/em><\/strong>, este indreptata impotriva destinului sau a celor din jur si este justificata de faptul ca aceasta este singura resursa de care se poate dispune in raport cu situatia de neputinta de a schimba destinul:\u00a0<em>De ce mi se intampla tocmai mie?<\/em><\/li>\n<li><strong><em>negocierea<\/em><\/strong>\u00a0apare in momentul in care reactiile de furie sunt abandonate in favoarea unei conduite mai maleabile in speranta producerii unei minuni divine<\/li>\n<li><strong><em>deprimarea<\/em><\/strong>\u00a0este caracterizata prin recunoasterea faptului ca realitatea este aceea care este; in acest stadiu exista tendinta de a se refuza contactul cu persoanele cunoscute<\/li>\n<li><strong><em>acceptarea<\/em><\/strong>\u00a0nu se manifesta ca o renuntare, ci mai degraba ca o constientizare pozitiva a ceea ce s-a facut si ce mai trebuie facut. Este inceputul construirii unei noi relatii cu sine.<\/li>\n<\/ul>\n<p>Adaptarea eficienta va duce la:<\/p>\n<ul>\n<li>restabilirea echilibrului psihic,<\/li>\n<li>protejarea de anxietate si depresie,<\/li>\n<li>reluarea activittilor de viata obisnuite,<\/li>\n<li>mentinerea relatiilor cu membrii familiei, prieteni, acceptarea modificarii aspectului fizic si a limitelor aparute<\/li>\n<\/ul>\n<p><strong><em>Nevoia de afiliere<\/em><\/strong>\u00a0la un grup (familie, grup profesional, grup de prieteni, etc) si satisfacerea ei ne securizeaz si ne valorizeaza, cresc\u00e2nd \u00eencrederea \u00een noi \u00eensine. Legaturile cu persoane care au suferit acelasi tip de experiente si vorbirea despre probleme comune fac sa dispara sentimentul insingurarii.<\/p>\n<p><strong><em>Ce puteti face dumneavoastra pentru o buna adaptare?<\/em><\/strong><\/p>\n<ul>\n<li>priviti-va stoma, constientiz\u00e2nd c\u00e2 este o parte a corpului dumneavoastra<\/li>\n<li>atingeti-va stoma fara teama sau retinere, pentru a va obisnui cu ea<\/li>\n<li>\u00eenvatati sa o \u00eengrijiti; \u00een scurt timp aceasta va face parte din rutina si nu va mai parea o tehnica dificila; astfel va veti recapata autonomia si nu veti mai apela la alte persoane pentru schimbarea pungii<\/li>\n<li>cunoasterea diminueaza anxietatea; daca veti sti mai multe despre stoma si implicatiile sale, veti putea gasi solutii adaptate pentru dumneavoastra<\/li>\n<li>g\u00e2nditi pozitiv si rational: stoma va ajuta organismul sa-si \u00eendeplineasca functiile fiziologice afectate de boala, ceea ce este un lucru bun<\/li>\n<li>amintiti-va ca sunt multi oameni care, asemenea dumneavoastra, sunt purtatori de stoma<\/li>\n<li>nu-i respingeti pe cei care va iubesc si nu va izolati de ei, ci \u00eencercati sa va \u00eempartasiti grijile si temerile. \u00cempreuna veti trece mai usor prin toate<\/li>\n<li>stoma dumneavoastra nu este vizibila pentru toata lumea, asa ca numai dumneavoastra alegeti cine trebuie sa stie si cine nu<\/li>\n<li>nu va retrageti \u00een casa; odata ce v-ati recapatat fortele, evitati sa va petreceti timpul \u00een fata TV-ului; \u00eencercati sa reveniti, treptat, la activitatile obisnuite<\/li>\n<li>\u00eent\u00e2lnirile si discutiile cu alte persoane care au trecut cu bine de perioada de adaptare v-ar putea fi de folos<\/li>\n<li>dumneavoastra aveti rolul cel mai important \u00een propria recuperare, iar la nevoie puteti apela la ajutorul si sfaturile specialistilor din domeniul stomaterapiei Nu sunteti singur ! In Romania sunt cca. 8000 de persoane care au o colostoma, ileostoma sau urostoma. Majoritatea acestor persoane au reusit, cu mai mult sau mai putin ajutor, sa se reintegreze familial, social si chiar profesional. Daca nu gasiti in dumneavoastra sau la apropiatii dumneavoastra suficiente resurse si ajutor va invitam sa ne vizitati si, impreuna vom incerca sa gasim solutiile pentru a depasi cat mai repede si usor cu putinta perioada dificila prin care treceti dupa operatie.\n<p>Articol realizat de\u00a0<strong>LILIANA GHEORGHIU<\/strong><\/li>\n<\/ul>\n<p>&nbsp;<\/p>\n","protected":false},"excerpt":{"rendered":"<p>Recomandari generale de ordin psihologic privind adaptarea persoanelor stomizate la noua stare Boala de care ati suferit v-a pus in fata unei decizii foarte dificile, pe care ati luat-o cu mare consum emotional. Ati trecut printr-o trauma care implica mult stress. Poate ca ati simtit neputinta, teama, o mare tristete, disperare sau furie, poate ca&#8230;<\/p>\n","protected":false},"author":1,"featured_media":0,"parent":0,"menu_order":85,"comment_status":"closed","ping_status":"closed","template":"","meta":{"footnotes":"","_links_to":"","_links_to_target":""},"class_list":["post-231","page","type-page","status-publish","hentry"],"_links":{"self":[{"href":"https:\/\/ilco.ro\/apscr\/wp-json\/wp\/v2\/pages\/231","targetHints":{"allow":["GET"]}}],"collection":[{"href":"https:\/\/ilco.ro\/apscr\/wp-json\/wp\/v2\/pages"}],"about":[{"href":"https:\/\/ilco.ro\/apscr\/wp-json\/wp\/v2\/types\/page"}],"author":[{"embeddable":true,"href":"https:\/\/ilco.ro\/apscr\/wp-json\/wp\/v2\/users\/1"}],"replies":[{"embeddable":true,"href":"https:\/\/ilco.ro\/apscr\/wp-json\/wp\/v2\/comments?post=231"}],"version-history":[{"count":2,"href":"https:\/\/ilco.ro\/apscr\/wp-json\/wp\/v2\/pages\/231\/revisions"}],"predecessor-version":[{"id":233,"href":"https:\/\/ilco.ro\/apscr\/wp-json\/wp\/v2\/pages\/231\/revisions\/233"}],"wp:attachment":[{"href":"https:\/\/ilco.ro\/apscr\/wp-json\/wp\/v2\/media?parent=231"}],"curies":[{"name":"wp","href":"https:\/\/api.w.org\/{rel}","templated":true}]}}