{"id":297,"date":"2018-05-23T08:53:42","date_gmt":"2018-05-23T06:53:42","guid":{"rendered":"http:\/\/ilco.ro\/apscr\/new\/?page_id=297"},"modified":"2018-05-31T01:40:12","modified_gmt":"2018-05-30T23:40:12","slug":"politica-de-confidentialitate","status":"publish","type":"page","link":"https:\/\/ilco.ro\/apscr\/politica-de-confidentialitate\/","title":{"rendered":"Politica de confidentialitate"},"content":{"rendered":"<h2>Ce date personale colect\u0103m \u0219i de ce le colect\u0103m<\/h2>\n<h3>Comentarii<\/h3>\n<p>C\u00e2nd vizitatorii las\u0103 comentarii pe sit, colect\u0103m datele ar\u0103tate \u00een formularele de comentarii, dar \u0219i adresa IP a vizitatorului \u0219i \u0219irul agen\u021bilor utilizator din navigator pentru a ne ajuta la detectarea spamului.<\/p>\n<p>Un \u0219ir f\u0103cut anonim (numit \u0219i un hash), creat din adresele tale de email, poate fi furnizat serviciului Gravatar pentru a vedea dac\u0103 \u00eel folose\u0219ti. Politica de confiden\u021bialitate a serviciului Gravatar este disponibil\u0103 aici: https:\/\/automattic.com\/privacy\/. Dup\u0103 aprobarea comentariului, fotografia ta de profil este vizibil\u0103 pentru public l\u00e2ng\u0103 comentariul t\u0103u.<\/p>\n<h3>Media<\/h3>\n<p>Dac\u0103 \u00eencarci imagini pe situl web, ar trebui s\u0103 evi\u021bi \u00eenc\u0103rcarea imaginilor care au incluse date de loca\u021bie \u00eenglobate (EXIF GPS). Vizitatorii sitului web pot desc\u0103rca \u0219i extrage toate datele despre loca\u021bie din imaginile de pe sit.<\/p>\n<h3>Formulare de contact<\/h3>\n<h3>Cookie-uri<\/h3>\n<p>Dac\u0103 la\u0219i un comentariu pe situl nostru, po\u021bi opta pentru salvarea \u00een cookie-uri a numelui, adresei de email \u0219i sitului t\u0103u web. Acestea sunt pentru confortul t\u0103u, astfel nu mai trebuie s\u0103 le completezi din nou c\u00e2nd la\u0219i un alt comentariu. Aceste cookie-uri vor fi valabile un an.<\/p>\n<h3>Con\u021binut \u00eenglobat de pe alte situri web<\/h3>\n<p>Articolele din acest sit pot include con\u021binut \u00eenglobat (de exemplu, videouri, imagini, articole etc.). Con\u021binutul \u00eenglobat de pe alte situri web se comporta exact la fel ca \u0219i cum vizitatorii au vizualizat un alt sit web.<\/p>\n<p>Aceste situri web pot s\u0103 colecteze date despre tine, s\u0103 foloseasc\u0103 cookie-uri, s\u0103 \u00eenglobeze urm\u0103rirea suplimentar\u0103 a ter\u021bilor \u0219i s\u0103-\u021bi monitorizeze interac\u021biunea cu con\u021binutul \u00eenglobat, inclusiv s\u0103-\u021bi urm\u0103reasc\u0103 interac\u021biunea cu con\u021binutul \u00eenglobat dac\u0103 ai un cont \u0219i e\u0219ti autentificat \u00een acel sit web.<\/p>\n<h2>C\u00e2t timp \u00ee\u021bi p\u0103str\u0103m datele<\/h2>\n<p>Dac\u0103 la\u0219i un comentariu, comentariul \u0219i metadatele lui sunt p\u0103strate pe o perioad\u0103 nedeterminat\u0103. A\u0219a putem recunoa\u0219te \u0219i aproba automat toate comentariile urm\u0103toare \u00een loc s\u0103 le \u021binem \u00eentr-o coad\u0103 pentru moderare.<\/p>\n<p>Pentru utilizatorii (dac\u0103 exist\u0103) care se \u00eenregistreaz\u0103 pe situl nostru web, stoc\u0103m \u0219i informa\u021biile personale pe care le furnizeaz\u0103 \u00een profilul lor de utilizator. To\u021bi utilizatorii \u00ee\u0219i pot vedea, edita sau \u0219terge informa\u021biile personale oric\u00e2nd (dar nu \u00ee\u0219i pot schimba numele de utilizator). De asemenea, administratorii sitului web pot vedea \u0219i edita aceste informa\u021bii.<\/p>\n<h2>Ce drepturi ai asupra datelor tale<\/h2>\n<p>Dac\u0103 ai un cont sau ai l\u0103sat comentarii pe acest sit web, po\u021bi cere s\u0103 prime\u0219ti un fi\u0219ier de export cu datele personale pe care le de\u021binem despre tine, inclusiv toate datele pe care ni le-ai furnizat. De asemenea, ne po\u021bi cere s\u0103 \u0219tergem toate datele personale pe care le de\u021binem despre tine. Acestea nu includ toate datele pe care suntem obliga\u021bi s\u0103 le p\u0103str\u0103m \u00een scopuri administrative, juridice sau de securitate.<\/p>\n","protected":false},"excerpt":{"rendered":"<p>Ce date personale colect\u0103m \u0219i de ce le colect\u0103m Comentarii C\u00e2nd vizitatorii las\u0103 comentarii pe sit, colect\u0103m datele ar\u0103tate \u00een formularele de comentarii, dar \u0219i adresa IP a vizitatorului \u0219i \u0219irul agen\u021bilor utilizator din navigator pentru a ne ajuta la detectarea spamului. Un \u0219ir f\u0103cut anonim (numit \u0219i un hash), creat din adresele tale de&#8230;<\/p>\n","protected":false},"author":1,"featured_media":0,"parent":0,"menu_order":90,"comment_status":"closed","ping_status":"closed","template":"","meta":{"footnotes":"","_links_to":"","_links_to_target":""},"class_list":["post-297","page","type-page","status-publish","hentry"],"_links":{"self":[{"href":"https:\/\/ilco.ro\/apscr\/wp-json\/wp\/v2\/pages\/297","targetHints":{"allow":["GET"]}}],"collection":[{"href":"https:\/\/ilco.ro\/apscr\/wp-json\/wp\/v2\/pages"}],"about":[{"href":"https:\/\/ilco.ro\/apscr\/wp-json\/wp\/v2\/types\/page"}],"author":[{"embeddable":true,"href":"https:\/\/ilco.ro\/apscr\/wp-json\/wp\/v2\/users\/1"}],"replies":[{"embeddable":true,"href":"https:\/\/ilco.ro\/apscr\/wp-json\/wp\/v2\/comments?post=297"}],"version-history":[{"count":2,"href":"https:\/\/ilco.ro\/apscr\/wp-json\/wp\/v2\/pages\/297\/revisions"}],"predecessor-version":[{"id":307,"href":"https:\/\/ilco.ro\/apscr\/wp-json\/wp\/v2\/pages\/297\/revisions\/307"}],"wp:attachment":[{"href":"https:\/\/ilco.ro\/apscr\/wp-json\/wp\/v2\/media?parent=297"}],"curies":[{"name":"wp","href":"https:\/\/api.w.org\/{rel}","templated":true}]}}