{"id":344,"date":"2020-02-19T15:02:59","date_gmt":"2020-02-19T13:02:59","guid":{"rendered":"http:\/\/ilco.ro\/apscr\/?page_id=344"},"modified":"2020-02-19T15:06:30","modified_gmt":"2020-02-19T13:06:30","slug":"anunturi","status":"publish","type":"page","link":"https:\/\/ilco.ro\/apscr\/anunturi\/","title":{"rendered":"Anunturi"},"content":{"rendered":"<p><strong><em>ASOCIA\u0162IA PURT\u0102TORILOR DE STOM\u0102 CUTANAT\u0102<\/em><\/strong><\/p>\n<p><strong>CONVOCATOR<\/strong><\/p>\n<p>Consiliul Director, prin dl. Cristian Dobre, \u00een calitate de Vicepre\u015fedinte, convoac\u0103 adunarea general\u0103 extraordinar\u0103 a membrilor asocia\u0163iei\u00a0 pentru data de 27 Februarie 2020, ora 12, ce va avea loc la adresa str. Valter M\u0103r\u0103cineanu, nr. 1- 3, intrarea 4, etaj 4, sector 1, Bucure\u015fti \u2013 sala de \u015fedin\u0163e<\/p>\n<p>Ordinea de zi:<\/p>\n<ol>\n<li>Alegerea unui nou Pre\u015fedinte al Consiliului de director;<\/li>\n<li>Schimbarea sediului asocia\u0163iei;<\/li>\n<li>Probleme diverse.<\/li>\n<\/ol>\n<p>RUG\u0102M TO\u0162I MEMBRII ACTIVI S\u0102 FIE PREZEN\u0162I LA ADUNAREA GENERAL\u0102 PENTRU BINELE ASOCIA\u0162IEI NOASTRE.<\/p>\n<p>Vicepre\u015fedinte,<\/p>\n<p>Cristian Dobre<\/p>\n<p>&nbsp;<\/p>\n<p style=\"text-align: left;\">Bucure\u015fti,<\/p>\n<p style=\"text-align: left;\">17.02.2020<\/p>\n","protected":false},"excerpt":{"rendered":"<p>ASOCIA\u0162IA PURT\u0102TORILOR DE STOM\u0102 CUTANAT\u0102 CONVOCATOR Consiliul Director, prin dl. Cristian Dobre, \u00een calitate de Vicepre\u015fedinte, convoac\u0103 adunarea general\u0103 extraordinar\u0103 a membrilor asocia\u0163iei\u00a0 pentru data de 27 Februarie 2020, ora 12, ce va avea loc la adresa str. Valter M\u0103r\u0103cineanu, nr. 1- 3, intrarea 4, etaj 4, sector 1, Bucure\u015fti \u2013 sala de \u015fedin\u0163e Ordinea&#8230;<\/p>\n","protected":false},"author":1,"featured_media":0,"parent":0,"menu_order":0,"comment_status":"closed","ping_status":"closed","template":"","meta":{"footnotes":"","_links_to":"","_links_to_target":""},"class_list":["post-344","page","type-page","status-publish","hentry"],"_links":{"self":[{"href":"https:\/\/ilco.ro\/apscr\/wp-json\/wp\/v2\/pages\/344","targetHints":{"allow":["GET"]}}],"collection":[{"href":"https:\/\/ilco.ro\/apscr\/wp-json\/wp\/v2\/pages"}],"about":[{"href":"https:\/\/ilco.ro\/apscr\/wp-json\/wp\/v2\/types\/page"}],"author":[{"embeddable":true,"href":"https:\/\/ilco.ro\/apscr\/wp-json\/wp\/v2\/users\/1"}],"replies":[{"embeddable":true,"href":"https:\/\/ilco.ro\/apscr\/wp-json\/wp\/v2\/comments?post=344"}],"version-history":[{"count":3,"href":"https:\/\/ilco.ro\/apscr\/wp-json\/wp\/v2\/pages\/344\/revisions"}],"predecessor-version":[{"id":348,"href":"https:\/\/ilco.ro\/apscr\/wp-json\/wp\/v2\/pages\/344\/revisions\/348"}],"wp:attachment":[{"href":"https:\/\/ilco.ro\/apscr\/wp-json\/wp\/v2\/media?parent=344"}],"curies":[{"name":"wp","href":"https:\/\/api.w.org\/{rel}","templated":true}]}}